{"id":16,"date":"2024-01-12T16:24:15","date_gmt":"2024-01-12T16:24:15","guid":{"rendered":"https:\/\/filocounselling.com\/home\/"},"modified":"2026-01-30T12:49:19","modified_gmt":"2026-01-30T12:49:19","slug":"home","status":"publish","type":"page","link":"https:\/\/filocounselling.com\/it\/","title":{"rendered":"Therapy at a pace that suites you"},"content":{"rendered":"<div class=\"wp-block-columns alignwide are-vertically-aligned-bottom is-layout-flex wp-container-core-columns-is-layout-9d6595d7 wp-block-columns-is-layout-flex\">\n<div class=\"wp-block-column is-vertically-aligned-bottom is-layout-flow wp-block-column-is-layout-flow\">\n<div class=\"wp-block-group\"><div class=\"wp-block-group__inner-container is-layout-constrained wp-block-group-is-layout-constrained\">\n<p class=\"has-text-align-center has-fira-sans-font-family has-custom-font\" style=\"font-family:Fira Sans;font-size:20px\">Sono un consulente centrato sulla persona, a supporto di chi sta attraversando momenti difficili nella propria vita. Senza giudizio, ti offro uno spazio sicuro in cui potrai sentirti ascoltato e libero di condividere tutto ci\u00f2 che ti influenza, per aiutarti a raggiungere il tuo pieno potenziale, lavorando al tuo ritmo. Hai tu il controllo su come si svilupperanno le nostre sessioni.<\/p>\n\n\n\n<p class=\"has-text-align-center has-fira-sans-font-family has-custom-font\" style=\"font-family:Fira Sans;font-size:20px\">Credo che tutti affrontiamo momenti difficili nella vita e, a volte, abbiamo bisogno di un aiuto. Fare il primo passo pu\u00f2 sembrare intimidatorio, ma spesso il pensiero di iniziare qualcosa di nuovo \u00e8 pi\u00f9 stressante dell\u2019atto stesso. Il primo passo \u00e8 sempre il pi\u00f9 difficile.<\/p>\n\n\n\n<p class=\"has-text-align-center has-fira-sans-font-family has-custom-font\" style=\"font-family:Fira Sans;font-size:20px\">Essendo stato io stesso in terapia, apprezzo davvero quanto possa essere liberatorio parlare con una persona che non \u00e8 coinvolta nella mia vita. La terapia pu\u00f2 offrire un modo per esplorare le cose in profondit\u00e0 e spesso pu\u00f2 far emergere aspetti di noi stessi di cui non eravamo consapevoli. Consente un percorso di crescita continua.<\/p>\n\n\n\n<p class=\"has-text-align-center has-fira-sans-font-family has-custom-font\" style=\"font-family:Fira Sans;font-size:20px\">Le mie sessioni si svolgono online o telefonicamente, in inglese o in italiano, il che consente ai miei clienti di accedere alla terapia da qualsiasi luogo desiderino.<\/p>\n<\/div><\/div>\n<\/div>\n<\/div>\n\n\n\n<p><\/p>\n\n\n\n<p><\/p>\n\n\n\n<div class=\"wp-block-group alignfull has-tertiary-background-color has-background\"><div class=\"wp-block-group__inner-container is-layout-flow wp-block-group-is-layout-flow\">\n<h2 class=\"wp-block-heading has-text-align-center has-primary-color has-text-color\"><\/h2>\n\n\n\n<div class=\"wp-block-buttons is-content-justification-center is-layout-flex wp-container-core-buttons-is-layout-16018d1d wp-block-buttons-is-layout-flex\">\n<div class=\"wp-block-button is-style-outline is-style-outline--1\"><a class=\"wp-block-button__link wp-element-button\" href=\"https:\/\/filocounselling.com\/it\/services\/\">Servizi e costi <\/a><\/div>\n\n\n\n<div class=\"wp-block-button is-style-outline is-style-outline--2\"><a class=\"wp-block-button__link wp-element-button\" href=\"\/it\/info@filocounselling.com\/\">Contattami<\/a><\/div>\n<\/div>\n<\/div><\/div>","protected":false},"excerpt":{"rendered":"<p>Hello and welcome. I am a person centered counsellor for individuals who need support at challenging times of their lives. Without judgment, I offer you a safe space where you can feel heard and share anything that may be affecting you. Together, we will work at your own pace to help you achieve your full <a class=\"read-more\" href=\"https:\/\/filocounselling.com\/it\/\">Read More<\/a><\/p>","protected":false},"author":1,"featured_media":0,"parent":0,"menu_order":0,"comment_status":"closed","ping_status":"closed","template":"","meta":{"_coblocks_attr":"BarlowAntonRoboto,Oswald,Inconsolata,,Abril Fatface,Barlow,IBM Plex Sans,Barlow Condensed,,Fira Sans","_coblocks_dimensions":"","_coblocks_responsive_height":"","_coblocks_accordion_ie_support":"","om_disable_all_campaigns":false,"_monsterinsights_skip_tracking":false,"_monsterinsights_sitenote_active":false,"_monsterinsights_sitenote_note":"","_monsterinsights_sitenote_category":0,"footnotes":""},"class_list":["post-16","page","type-page","status-publish","hentry"],"aioseo_notices":[],"_links":{"self":[{"href":"https:\/\/filocounselling.com\/it\/wp-json\/wp\/v2\/pages\/16","targetHints":{"allow":["GET"]}}],"collection":[{"href":"https:\/\/filocounselling.com\/it\/wp-json\/wp\/v2\/pages"}],"about":[{"href":"https:\/\/filocounselling.com\/it\/wp-json\/wp\/v2\/types\/page"}],"author":[{"embeddable":true,"href":"https:\/\/filocounselling.com\/it\/wp-json\/wp\/v2\/users\/1"}],"replies":[{"embeddable":true,"href":"https:\/\/filocounselling.com\/it\/wp-json\/wp\/v2\/comments?post=16"}],"version-history":[{"count":52,"href":"https:\/\/filocounselling.com\/it\/wp-json\/wp\/v2\/pages\/16\/revisions"}],"predecessor-version":[{"id":521,"href":"https:\/\/filocounselling.com\/it\/wp-json\/wp\/v2\/pages\/16\/revisions\/521"}],"wp:attachment":[{"href":"https:\/\/filocounselling.com\/it\/wp-json\/wp\/v2\/media?parent=16"}],"curies":[{"name":"wp","href":"https:\/\/api.w.org\/{rel}","templated":true}]}}